{"id":2706,"date":"2025-05-07T16:23:09","date_gmt":"2025-05-07T14:23:09","guid":{"rendered":"https:\/\/tanial.art\/?page_id=2706"},"modified":"2025-05-07T21:55:05","modified_gmt":"2025-05-07T19:55:05","slug":"projet-les-vies-privees","status":"publish","type":"page","link":"https:\/\/tanial.art\/?page_id=2706","title":{"rendered":"PROJET : LES VIES PRIV\u00c9ES"},"content":{"rendered":"\n<p class=\"has-black-color has-text-color\">Ce projet propose une relecture imaginative des portraits issus de la peinture ancienne. \u00c0 partir d&rsquo;un visage fig\u00e9 dans le temps, je tente de reconstituer \u2013 ou plut\u00f4t d&rsquo;inventer \u2013 la vie int\u00e9rieure, les \u00e9motions et le destin possible du personnage repr\u00e9sent\u00e9.<\/p>\n\n\n\n<p class=\"has-black-color has-text-color\">Pour cela, je m&rsquo;appuie sur d&rsquo;autres \u0153uvres du m\u00eame artiste qui a peint ce portrait : sc\u00e8nes de genre, paysages, compositions religieuses ou mythologiques deviennent autant de fragments possibles de l&rsquo;univers intime du mod\u00e8le. Chaque toile devient alors un miroir fictionnel, une tentative de recontextualisation po\u00e9tique.<\/p>\n\n\n\n<p class=\"has-black-color has-text-color\"><em>Les Vies Priv\u00e9es<\/em> explorent ce que la peinture ancienne ne montre pas, ce qu&rsquo;elle sugg\u00e8re en silence : l&rsquo;ombre derri\u00e8re la pose, l&rsquo;histoire derri\u00e8re l&rsquo;image, l&rsquo;humain derri\u00e8re le symbole.<\/p>\n\n\n\n<div class=\"wp-block-dgwt-justified-gallery\">\n\t\t<style type=\"text\/css\">\n\t\t\t#gallery-1 {\n\t\t\t\tmargin: auto;\n\t\t\t}\n\t\t\t#gallery-1 .gallery-item {\n\t\t\t\tfloat: left;\n\t\t\t\tmargin-top: 10px;\n\t\t\t\ttext-align: center;\n\t\t\t\twidth: 33%;\n\t\t\t}\n\t\t\t#gallery-1 img {\n\t\t\t\tborder: 2px solid #cfcfcf;\n\t\t\t}\n\t\t\t#gallery-1 .gallery-caption {\n\t\t\t\tmargin-left: 0;\n\t\t\t}\n\t\t\t\/* see gallery_shortcode() in wp-includes\/media.php *\/\n\t\t<\/style>\n\t\t<div id='gallery-1' class='gallery galleryid-2706 gallery-columns-3 gallery-size-thumbnail'><dl class='gallery-item'>\n\t\t\t<dt class='gallery-icon portrait'>\n\t\t\t\t<a href='https:\/\/tanial.art\/?attachment_id=2221'><img width=\"150\" height=\"150\" src=\"https:\/\/tanial.art\/wp-content\/uploads\/2021\/11\/les-amants_-150x150.jpg\" class=\"attachment-thumbnail size-thumbnail\" alt=\"artiste Tania Luchinkina (TaniaL)\" loading=\"lazy\" \/><\/a>\n\t\t\t<\/dt><\/dl><dl class='gallery-item'>\n\t\t\t<dt class='gallery-icon portrait'>\n\t\t\t\t<a href='https:\/\/tanial.art\/?attachment_id=2224'><img width=\"150\" height=\"150\" src=\"https:\/\/tanial.art\/wp-content\/uploads\/2021\/11\/les-amants_detail2-150x150.jpg\" class=\"attachment-thumbnail size-thumbnail\" alt=\"Tania Luchinkina artiste\" loading=\"lazy\" \/><\/a>\n\t\t\t<\/dt><\/dl><dl class='gallery-item'>\n\t\t\t<dt class='gallery-icon portrait'>\n\t\t\t\t<a href='https:\/\/tanial.art\/?attachment_id=2223'><img width=\"150\" height=\"150\" src=\"https:\/\/tanial.art\/wp-content\/uploads\/2021\/11\/les-amants_detail1-150x150.jpg\" class=\"attachment-thumbnail size-thumbnail\" alt=\"Tania Luchinkina artiste\" loading=\"lazy\" \/><\/a>\n\t\t\t<\/dt><\/dl><br style=\"clear: both\" \/>\n\t\t<\/div>\n<\/div>\n\n\n\n<figure class=\"wp-block-image size-full is-resized\"><img loading=\"lazy\" src=\"https:\/\/tanial.art\/wp-content\/uploads\/2021\/09\/blanc-1.jpg\" alt=\"\" class=\"wp-image-2108\" width=\"57\" height=\"125\"\/><\/figure>\n\n\n\n<div class=\"wp-block-dgwt-justified-gallery\">\n\t\t<style type=\"text\/css\">\n\t\t\t#gallery-2 {\n\t\t\t\tmargin: auto;\n\t\t\t}\n\t\t\t#gallery-2 .gallery-item {\n\t\t\t\tfloat: left;\n\t\t\t\tmargin-top: 10px;\n\t\t\t\ttext-align: center;\n\t\t\t\twidth: 33%;\n\t\t\t}\n\t\t\t#gallery-2 img {\n\t\t\t\tborder: 2px solid #cfcfcf;\n\t\t\t}\n\t\t\t#gallery-2 .gallery-caption {\n\t\t\t\tmargin-left: 0;\n\t\t\t}\n\t\t\t\/* see gallery_shortcode() in wp-includes\/media.php *\/\n\t\t<\/style>\n\t\t<div id='gallery-2' class='gallery galleryid-2706 gallery-columns-3 gallery-size-thumbnail'><dl class='gallery-item'>\n\t\t\t<dt class='gallery-icon portrait'>\n\t\t\t\t<a href='https:\/\/tanial.art\/?attachment_id=2222'><img width=\"150\" height=\"150\" src=\"https:\/\/tanial.art\/wp-content\/uploads\/2021\/11\/petrus-cristus_-pieuse_-150x150.jpg\" class=\"attachment-thumbnail size-thumbnail\" alt=\"artiste Tania Luchinkina, TaniaL\" loading=\"lazy\" \/><\/a>\n\t\t\t<\/dt><\/dl><dl class='gallery-item'>\n\t\t\t<dt class='gallery-icon portrait'>\n\t\t\t\t<a href='https:\/\/tanial.art\/?attachment_id=1612'><img width=\"150\" height=\"150\" src=\"https:\/\/tanial.art\/wp-content\/uploads\/2020\/11\/petrus-cristus_-pieuse_detail--150x150.jpg\" class=\"attachment-thumbnail size-thumbnail\" alt=\"Tania Luchinkina, TaniaL Thelma (detail)\" loading=\"lazy\" \/><\/a>\n\t\t\t<\/dt><\/dl>\n\t\t\t<br style='clear: both' \/>\n\t\t<\/div>\n<\/div>\n\n\n\n<figure class=\"wp-block-image size-full is-resized\"><img loading=\"lazy\" src=\"https:\/\/tanial.art\/wp-content\/uploads\/2021\/09\/blanc-1.jpg\" alt=\"\" class=\"wp-image-2108\" width=\"57\" height=\"125\"\/><\/figure>\n\n\n\n<div class=\"wp-block-dgwt-justified-gallery\">\n\t\t<style type=\"text\/css\">\n\t\t\t#gallery-3 {\n\t\t\t\tmargin: auto;\n\t\t\t}\n\t\t\t#gallery-3 .gallery-item {\n\t\t\t\tfloat: left;\n\t\t\t\tmargin-top: 10px;\n\t\t\t\ttext-align: center;\n\t\t\t\twidth: 33%;\n\t\t\t}\n\t\t\t#gallery-3 img {\n\t\t\t\tborder: 2px solid #cfcfcf;\n\t\t\t}\n\t\t\t#gallery-3 .gallery-caption {\n\t\t\t\tmargin-left: 0;\n\t\t\t}\n\t\t\t\/* see gallery_shortcode() in wp-includes\/media.php *\/\n\t\t<\/style>\n\t\t<div id='gallery-3' class='gallery galleryid-2706 gallery-columns-3 gallery-size-thumbnail'><dl class='gallery-item'>\n\t\t\t<dt class='gallery-icon portrait'>\n\t\t\t\t<a href='https:\/\/tanial.art\/?attachment_id=2707'><img width=\"150\" height=\"150\" src=\"https:\/\/tanial.art\/wp-content\/uploads\/2025\/05\/Leonardo_tania_luchinkina-150x150.jpg\" class=\"attachment-thumbnail size-thumbnail\" alt=\"\" loading=\"lazy\" \/><\/a>\n\t\t\t<\/dt><\/dl>\n\t\t\t<br style='clear: both' \/>\n\t\t<\/div>\n<\/div>\n","protected":false},"excerpt":{"rendered":"<p>Ce projet propose une relecture imaginative des portraits issus de la peinture ancienne. \u00c0 partir d&rsquo;un visage fig\u00e9 dans le temps, je tente de reconstituer \u2013 ou plut\u00f4t d&rsquo;inventer \u2013 la vie int\u00e9rieure, les \u00e9motions et le destin possible du personnage repr\u00e9sent\u00e9. Pour cela, je m&rsquo;appuie sur d&rsquo;autres \u0153uvres du m\u00eame artiste qui a peint [&hellip;]<\/p>\n","protected":false},"author":1,"featured_media":0,"parent":0,"menu_order":0,"comment_status":"closed","ping_status":"closed","template":"","meta":[],"yoast_head":"<!-- This site is optimized with the Yoast SEO plugin v19.4 - https:\/\/yoast.com\/wordpress\/plugins\/seo\/ -->\n<title>PROJET : LES VIES PRIV\u00c9ES -<\/title>\n<meta name=\"robots\" content=\"index, follow, max-snippet:-1, max-image-preview:large, max-video-preview:-1\" \/>\n<link rel=\"canonical\" href=\"https:\/\/tanial.art\/?page_id=2706\" \/>\n<meta property=\"og:locale\" content=\"fr_FR\" \/>\n<meta property=\"og:type\" content=\"article\" \/>\n<meta property=\"og:title\" content=\"PROJET : LES VIES PRIV\u00c9ES -\" \/>\n<meta property=\"og:description\" content=\"Ce projet propose une relecture imaginative des portraits issus de la peinture ancienne. \u00c0 partir d&rsquo;un visage fig\u00e9 dans le temps, je tente de reconstituer \u2013 ou plut\u00f4t d&rsquo;inventer \u2013 la vie int\u00e9rieure, les \u00e9motions et le destin possible du personnage repr\u00e9sent\u00e9. Pour cela, je m&rsquo;appuie sur d&rsquo;autres \u0153uvres du m\u00eame artiste qui a peint [&hellip;]\" \/>\n<meta property=\"og:url\" content=\"https:\/\/tanial.art\/?page_id=2706\" \/>\n<meta property=\"article:modified_time\" content=\"2025-05-07T19:55:05+00:00\" \/>\n<meta property=\"og:image\" content=\"https:\/\/tanial.art\/wp-content\/uploads\/2021\/11\/les-amants_-245x300.jpg\" \/>\n<meta name=\"twitter:card\" content=\"summary_large_image\" \/>\n<meta name=\"twitter:label1\" content=\"Dur\u00e9e de lecture estim\u00e9e\" \/>\n\t<meta name=\"twitter:data1\" content=\"2 minutes\" \/>\n<script type=\"application\/ld+json\" class=\"yoast-schema-graph\">{\"@context\":\"https:\/\/schema.org\",\"@graph\":[{\"@type\":\"WebSite\",\"@id\":\"https:\/\/tanial.art\/#website\",\"url\":\"https:\/\/tanial.art\/\",\"name\":\"\",\"description\":\"\",\"potentialAction\":[{\"@type\":\"SearchAction\",\"target\":{\"@type\":\"EntryPoint\",\"urlTemplate\":\"https:\/\/tanial.art\/?s={search_term_string}\"},\"query-input\":\"required name=search_term_string\"}],\"inLanguage\":\"fr-FR\"},{\"@type\":\"WebPage\",\"@id\":\"https:\/\/tanial.art\/?page_id=2706\",\"url\":\"https:\/\/tanial.art\/?page_id=2706\",\"name\":\"PROJET : LES VIES PRIV\u00c9ES -\",\"isPartOf\":{\"@id\":\"https:\/\/tanial.art\/#website\"},\"datePublished\":\"2025-05-07T14:23:09+00:00\",\"dateModified\":\"2025-05-07T19:55:05+00:00\",\"breadcrumb\":{\"@id\":\"https:\/\/tanial.art\/?page_id=2706#breadcrumb\"},\"inLanguage\":\"fr-FR\",\"potentialAction\":[{\"@type\":\"ReadAction\",\"target\":[\"https:\/\/tanial.art\/?page_id=2706\"]}]},{\"@type\":\"BreadcrumbList\",\"@id\":\"https:\/\/tanial.art\/?page_id=2706#breadcrumb\",\"itemListElement\":[{\"@type\":\"ListItem\",\"position\":1,\"name\":\"Accueil\",\"item\":\"https:\/\/tanial.art\/\"},{\"@type\":\"ListItem\",\"position\":2,\"name\":\"PROJET : LES VIES PRIV\u00c9ES\"}]}]}<\/script>\n<!-- \/ Yoast SEO plugin. -->","yoast_head_json":{"title":"PROJET : LES VIES PRIV\u00c9ES -","robots":{"index":"index","follow":"follow","max-snippet":"max-snippet:-1","max-image-preview":"max-image-preview:large","max-video-preview":"max-video-preview:-1"},"canonical":"https:\/\/tanial.art\/?page_id=2706","og_locale":"fr_FR","og_type":"article","og_title":"PROJET : LES VIES PRIV\u00c9ES -","og_description":"Ce projet propose une relecture imaginative des portraits issus de la peinture ancienne. \u00c0 partir d&rsquo;un visage fig\u00e9 dans le temps, je tente de reconstituer \u2013 ou plut\u00f4t d&rsquo;inventer \u2013 la vie int\u00e9rieure, les \u00e9motions et le destin possible du personnage repr\u00e9sent\u00e9. Pour cela, je m&rsquo;appuie sur d&rsquo;autres \u0153uvres du m\u00eame artiste qui a peint [&hellip;]","og_url":"https:\/\/tanial.art\/?page_id=2706","article_modified_time":"2025-05-07T19:55:05+00:00","og_image":[{"url":"https:\/\/tanial.art\/wp-content\/uploads\/2021\/11\/les-amants_-245x300.jpg"}],"twitter_card":"summary_large_image","twitter_misc":{"Dur\u00e9e de lecture estim\u00e9e":"2 minutes"},"schema":{"@context":"https:\/\/schema.org","@graph":[{"@type":"WebSite","@id":"https:\/\/tanial.art\/#website","url":"https:\/\/tanial.art\/","name":"","description":"","potentialAction":[{"@type":"SearchAction","target":{"@type":"EntryPoint","urlTemplate":"https:\/\/tanial.art\/?s={search_term_string}"},"query-input":"required name=search_term_string"}],"inLanguage":"fr-FR"},{"@type":"WebPage","@id":"https:\/\/tanial.art\/?page_id=2706","url":"https:\/\/tanial.art\/?page_id=2706","name":"PROJET : LES VIES PRIV\u00c9ES -","isPartOf":{"@id":"https:\/\/tanial.art\/#website"},"datePublished":"2025-05-07T14:23:09+00:00","dateModified":"2025-05-07T19:55:05+00:00","breadcrumb":{"@id":"https:\/\/tanial.art\/?page_id=2706#breadcrumb"},"inLanguage":"fr-FR","potentialAction":[{"@type":"ReadAction","target":["https:\/\/tanial.art\/?page_id=2706"]}]},{"@type":"BreadcrumbList","@id":"https:\/\/tanial.art\/?page_id=2706#breadcrumb","itemListElement":[{"@type":"ListItem","position":1,"name":"Accueil","item":"https:\/\/tanial.art\/"},{"@type":"ListItem","position":2,"name":"PROJET : LES VIES PRIV\u00c9ES"}]}]}},"_links":{"self":[{"href":"https:\/\/tanial.art\/index.php?rest_route=\/wp\/v2\/pages\/2706"}],"collection":[{"href":"https:\/\/tanial.art\/index.php?rest_route=\/wp\/v2\/pages"}],"about":[{"href":"https:\/\/tanial.art\/index.php?rest_route=\/wp\/v2\/types\/page"}],"author":[{"embeddable":true,"href":"https:\/\/tanial.art\/index.php?rest_route=\/wp\/v2\/users\/1"}],"replies":[{"embeddable":true,"href":"https:\/\/tanial.art\/index.php?rest_route=%2Fwp%2Fv2%2Fcomments&post=2706"}],"version-history":[{"count":2,"href":"https:\/\/tanial.art\/index.php?rest_route=\/wp\/v2\/pages\/2706\/revisions"}],"predecessor-version":[{"id":2713,"href":"https:\/\/tanial.art\/index.php?rest_route=\/wp\/v2\/pages\/2706\/revisions\/2713"}],"wp:attachment":[{"href":"https:\/\/tanial.art\/index.php?rest_route=%2Fwp%2Fv2%2Fmedia&parent=2706"}],"curies":[{"name":"wp","href":"https:\/\/api.w.org\/{rel}","templated":true}]}}