{"id":2683,"date":"2025-05-07T10:42:28","date_gmt":"2025-05-07T08:42:28","guid":{"rendered":"https:\/\/tanial.art\/?page_id=2683"},"modified":"2025-05-07T15:57:09","modified_gmt":"2025-05-07T13:57:09","slug":"les-miniatures","status":"publish","type":"page","link":"https:\/\/tanial.art\/?page_id=2683","title":{"rendered":"PROJET : LES MINIATURES"},"content":{"rendered":"\n<p class=\"has-black-color has-text-color\">Le projet  <em>Miniature<\/em> propose une exploration intime du portrait \u00e0 travers l&rsquo;\u00e9chelle r\u00e9duite. En concentrant le regard sur des formats restreints, l&rsquo;\u0153uvre invite \u00e0 une observation minutieuse, presque m\u00e9ditative, de chaque d\u00e9tail.<\/p>\n\n\n\n<p class=\"has-black-color has-text-color\">Chaque miniature devient un fragment condens\u00e9 de l&rsquo;humain : un regard, un pli de peau, une texture de v\u00eatement. Le geste pictural s&rsquo;y fait pr\u00e9cis, exigeant, \u00e0 la hauteur de l&rsquo;intensit\u00e9 \u00e9motionnelle qu&rsquo;un simple visage peut transmettre.<\/p>\n\n\n\n<p class=\"has-black-color has-text-color\">\u00c0 rebours de l&rsquo;image num\u00e9rique satur\u00e9e et \u00e9ph\u00e9m\u00e8re, ces portraits appellent \u00e0 ralentir. Ils redonnent place au silence du regard, \u00e0 la profondeur du trait, \u00e0 la persistance de la m\u00e9moire.<\/p>\n\n\n\n<div class=\"wp-block-dgwt-justified-gallery\">\n\t\t<style type=\"text\/css\">\n\t\t\t#gallery-1 {\n\t\t\t\tmargin: auto;\n\t\t\t}\n\t\t\t#gallery-1 .gallery-item {\n\t\t\t\tfloat: left;\n\t\t\t\tmargin-top: 10px;\n\t\t\t\ttext-align: center;\n\t\t\t\twidth: 33%;\n\t\t\t}\n\t\t\t#gallery-1 img {\n\t\t\t\tborder: 2px solid #cfcfcf;\n\t\t\t}\n\t\t\t#gallery-1 .gallery-caption {\n\t\t\t\tmargin-left: 0;\n\t\t\t}\n\t\t\t\/* see gallery_shortcode() in wp-includes\/media.php *\/\n\t\t<\/style>\n\t\t<div id='gallery-1' class='gallery galleryid-2683 gallery-columns-3 gallery-size-thumbnail'><dl class='gallery-item'>\n\t\t\t<dt class='gallery-icon landscape'>\n\t\t\t\t<a href='https:\/\/tanial.art\/?attachment_id=688'><img width=\"150\" height=\"150\" src=\"https:\/\/tanial.art\/wp-content\/uploads\/2019\/04\/00IMG_5202-150x150.jpg\" class=\"attachment-thumbnail size-thumbnail\" alt=\"Each miniature is roughly between 2 and 3.5 centimeters. Entitled Discovery of the work of Jean-Auguste-Dominique Ingres Countess of Haussonville :-)\" loading=\"lazy\" \/><\/a>\n\t\t\t<\/dt><\/dl><dl class='gallery-item'>\n\t\t\t<dt class='gallery-icon portrait'>\n\t\t\t\t<a href='https:\/\/tanial.art\/?attachment_id=494'><img width=\"150\" height=\"150\" src=\"https:\/\/tanial.art\/wp-content\/uploads\/2019\/03\/IMG_5051-150x150.jpg\" class=\"attachment-thumbnail size-thumbnail\" alt=\"Each miniature is roughly between 2 and 3.5 centimeters. Entitled Discovery of the work of Jean-Auguste-Dominique Ingres Countess of Haussonville :-)\" loading=\"lazy\" \/><\/a>\n\t\t\t<\/dt><\/dl><dl class='gallery-item'>\n\t\t\t<dt class='gallery-icon portrait'>\n\t\t\t\t<a href='https:\/\/tanial.art\/?attachment_id=618'><img width=\"150\" height=\"150\" src=\"https:\/\/tanial.art\/wp-content\/uploads\/2019\/04\/IMG_5203-150x150.jpg\" class=\"attachment-thumbnail size-thumbnail\" alt=\"Each miniature is roughly between 2 and 3.5 centimeters. Entitled Discovery of the work of Jean-Auguste-Dominique Ingres Countess of Haussonville :-)\" loading=\"lazy\" \/><\/a>\n\t\t\t<\/dt><\/dl><br style=\"clear: both\" \/><dl class='gallery-item'>\n\t\t\t<dt class='gallery-icon portrait'>\n\t\t\t\t<a href='https:\/\/tanial.art\/?attachment_id=756'><img width=\"150\" height=\"150\" src=\"https:\/\/tanial.art\/wp-content\/uploads\/2019\/04\/IMG_5202_1-150x150.jpg\" class=\"attachment-thumbnail size-thumbnail\" alt=\"Each miniature is roughly between 2 and 3.5 centimeters. Entitled Discovery of the work of Jean-Auguste-Dominique Ingres Countess of Haussonville :-)\" loading=\"lazy\" \/><\/a>\n\t\t\t<\/dt><\/dl>\n\t\t\t<br style='clear: both' \/>\n\t\t<\/div>\n<\/div>\n\n\n\n<p class=\"has-black-color has-text-color\">Peinture \u00e0 l&rsquo;huile sur un support da ma cr\u00e9ation, 2018<\/p>\n\n\n\n<figure class=\"wp-block-image size-full is-resized\"><img loading=\"lazy\" src=\"https:\/\/tanial.art\/wp-content\/uploads\/2021\/09\/blanc-1.jpg\" alt=\"\" class=\"wp-image-2108\" width=\"57\" height=\"125\"\/><\/figure>\n\n\n\n<div class=\"wp-block-dgwt-justified-gallery\">\n\t\t<style type=\"text\/css\">\n\t\t\t#gallery-2 {\n\t\t\t\tmargin: auto;\n\t\t\t}\n\t\t\t#gallery-2 .gallery-item {\n\t\t\t\tfloat: left;\n\t\t\t\tmargin-top: 10px;\n\t\t\t\ttext-align: center;\n\t\t\t\twidth: 33%;\n\t\t\t}\n\t\t\t#gallery-2 img {\n\t\t\t\tborder: 2px solid #cfcfcf;\n\t\t\t}\n\t\t\t#gallery-2 .gallery-caption {\n\t\t\t\tmargin-left: 0;\n\t\t\t}\n\t\t\t\/* see gallery_shortcode() in wp-includes\/media.php *\/\n\t\t<\/style>\n\t\t<div id='gallery-2' class='gallery galleryid-2683 gallery-columns-3 gallery-size-thumbnail'><dl class='gallery-item'>\n\t\t\t<dt class='gallery-icon landscape'>\n\t\t\t\t<a href='https:\/\/tanial.art\/?attachment_id=190'><img width=\"150\" height=\"150\" src=\"https:\/\/tanial.art\/wp-content\/uploads\/2017\/11\/miniatures_1000px-150x150.jpg\" class=\"attachment-thumbnail size-thumbnail\" alt=\"\" loading=\"lazy\" \/><\/a>\n\t\t\t<\/dt><\/dl><dl class='gallery-item'>\n\t\t\t<dt class='gallery-icon landscape'>\n\t\t\t\t<a href='https:\/\/tanial.art\/?attachment_id=191'><img width=\"150\" height=\"150\" src=\"https:\/\/tanial.art\/wp-content\/uploads\/2017\/11\/miniatures_details-150x150.jpg\" class=\"attachment-thumbnail size-thumbnail\" alt=\"\" loading=\"lazy\" \/><\/a>\n\t\t\t<\/dt><\/dl><dl class='gallery-item'>\n\t\t\t<dt class='gallery-icon landscape'>\n\t\t\t\t<a href='https:\/\/tanial.art\/?attachment_id=192'><img width=\"150\" height=\"150\" src=\"https:\/\/tanial.art\/wp-content\/uploads\/2017\/11\/miniatures_details1000-150x150.jpg\" class=\"attachment-thumbnail size-thumbnail\" alt=\"\" loading=\"lazy\" \/><\/a>\n\t\t\t<\/dt><\/dl><br style=\"clear: both\" \/>\n\t\t<\/div>\n<\/div>\n\n\n\n<p class=\"has-black-color has-text-color\"> Peinture \u00e0 l&rsquo;huile sur un support da ma cr\u00e9ation, 2018 <\/p>\n","protected":false},"excerpt":{"rendered":"<p>Le projet Miniature propose une exploration intime du portrait \u00e0 travers l&rsquo;\u00e9chelle r\u00e9duite. En concentrant le regard sur des formats restreints, l&rsquo;\u0153uvre invite \u00e0 une observation minutieuse, presque m\u00e9ditative, de chaque d\u00e9tail. Chaque miniature devient un fragment condens\u00e9 de l&rsquo;humain : un regard, un pli de peau, une texture de v\u00eatement. Le geste pictural s&rsquo;y [&hellip;]<\/p>\n","protected":false},"author":1,"featured_media":0,"parent":0,"menu_order":0,"comment_status":"closed","ping_status":"closed","template":"","meta":[],"yoast_head":"<!-- This site is optimized with the Yoast SEO plugin v19.4 - https:\/\/yoast.com\/wordpress\/plugins\/seo\/ -->\n<title>PROJET : LES MINIATURES -<\/title>\n<meta name=\"robots\" content=\"index, follow, max-snippet:-1, max-image-preview:large, max-video-preview:-1\" \/>\n<link rel=\"canonical\" href=\"https:\/\/tanial.art\/?page_id=2683\" \/>\n<meta property=\"og:locale\" content=\"fr_FR\" \/>\n<meta property=\"og:type\" content=\"article\" \/>\n<meta property=\"og:title\" content=\"PROJET : LES MINIATURES -\" \/>\n<meta property=\"og:description\" content=\"Le projet Miniature propose une exploration intime du portrait \u00e0 travers l&rsquo;\u00e9chelle r\u00e9duite. En concentrant le regard sur des formats restreints, l&rsquo;\u0153uvre invite \u00e0 une observation minutieuse, presque m\u00e9ditative, de chaque d\u00e9tail. Chaque miniature devient un fragment condens\u00e9 de l&rsquo;humain : un regard, un pli de peau, une texture de v\u00eatement. Le geste pictural s&rsquo;y [&hellip;]\" \/>\n<meta property=\"og:url\" content=\"https:\/\/tanial.art\/?page_id=2683\" \/>\n<meta property=\"article:modified_time\" content=\"2025-05-07T13:57:09+00:00\" \/>\n<meta property=\"og:image\" content=\"https:\/\/tanial.art\/wp-content\/uploads\/2019\/04\/00IMG_5202-300x286.jpg\" \/>\n<meta name=\"twitter:card\" content=\"summary_large_image\" \/>\n<meta name=\"twitter:label1\" content=\"Dur\u00e9e de lecture estim\u00e9e\" \/>\n\t<meta name=\"twitter:data1\" content=\"1 minute\" \/>\n<script type=\"application\/ld+json\" class=\"yoast-schema-graph\">{\"@context\":\"https:\/\/schema.org\",\"@graph\":[{\"@type\":\"WebSite\",\"@id\":\"https:\/\/tanial.art\/#website\",\"url\":\"https:\/\/tanial.art\/\",\"name\":\"\",\"description\":\"\",\"potentialAction\":[{\"@type\":\"SearchAction\",\"target\":{\"@type\":\"EntryPoint\",\"urlTemplate\":\"https:\/\/tanial.art\/?s={search_term_string}\"},\"query-input\":\"required name=search_term_string\"}],\"inLanguage\":\"fr-FR\"},{\"@type\":\"WebPage\",\"@id\":\"https:\/\/tanial.art\/?page_id=2683\",\"url\":\"https:\/\/tanial.art\/?page_id=2683\",\"name\":\"PROJET : LES MINIATURES -\",\"isPartOf\":{\"@id\":\"https:\/\/tanial.art\/#website\"},\"datePublished\":\"2025-05-07T08:42:28+00:00\",\"dateModified\":\"2025-05-07T13:57:09+00:00\",\"breadcrumb\":{\"@id\":\"https:\/\/tanial.art\/?page_id=2683#breadcrumb\"},\"inLanguage\":\"fr-FR\",\"potentialAction\":[{\"@type\":\"ReadAction\",\"target\":[\"https:\/\/tanial.art\/?page_id=2683\"]}]},{\"@type\":\"BreadcrumbList\",\"@id\":\"https:\/\/tanial.art\/?page_id=2683#breadcrumb\",\"itemListElement\":[{\"@type\":\"ListItem\",\"position\":1,\"name\":\"Accueil\",\"item\":\"https:\/\/tanial.art\/\"},{\"@type\":\"ListItem\",\"position\":2,\"name\":\"PROJET : LES MINIATURES\"}]}]}<\/script>\n<!-- \/ Yoast SEO plugin. -->","yoast_head_json":{"title":"PROJET : LES MINIATURES -","robots":{"index":"index","follow":"follow","max-snippet":"max-snippet:-1","max-image-preview":"max-image-preview:large","max-video-preview":"max-video-preview:-1"},"canonical":"https:\/\/tanial.art\/?page_id=2683","og_locale":"fr_FR","og_type":"article","og_title":"PROJET : LES MINIATURES -","og_description":"Le projet Miniature propose une exploration intime du portrait \u00e0 travers l&rsquo;\u00e9chelle r\u00e9duite. En concentrant le regard sur des formats restreints, l&rsquo;\u0153uvre invite \u00e0 une observation minutieuse, presque m\u00e9ditative, de chaque d\u00e9tail. Chaque miniature devient un fragment condens\u00e9 de l&rsquo;humain : un regard, un pli de peau, une texture de v\u00eatement. Le geste pictural s&rsquo;y [&hellip;]","og_url":"https:\/\/tanial.art\/?page_id=2683","article_modified_time":"2025-05-07T13:57:09+00:00","og_image":[{"url":"https:\/\/tanial.art\/wp-content\/uploads\/2019\/04\/00IMG_5202-300x286.jpg"}],"twitter_card":"summary_large_image","twitter_misc":{"Dur\u00e9e de lecture estim\u00e9e":"1 minute"},"schema":{"@context":"https:\/\/schema.org","@graph":[{"@type":"WebSite","@id":"https:\/\/tanial.art\/#website","url":"https:\/\/tanial.art\/","name":"","description":"","potentialAction":[{"@type":"SearchAction","target":{"@type":"EntryPoint","urlTemplate":"https:\/\/tanial.art\/?s={search_term_string}"},"query-input":"required name=search_term_string"}],"inLanguage":"fr-FR"},{"@type":"WebPage","@id":"https:\/\/tanial.art\/?page_id=2683","url":"https:\/\/tanial.art\/?page_id=2683","name":"PROJET : LES MINIATURES -","isPartOf":{"@id":"https:\/\/tanial.art\/#website"},"datePublished":"2025-05-07T08:42:28+00:00","dateModified":"2025-05-07T13:57:09+00:00","breadcrumb":{"@id":"https:\/\/tanial.art\/?page_id=2683#breadcrumb"},"inLanguage":"fr-FR","potentialAction":[{"@type":"ReadAction","target":["https:\/\/tanial.art\/?page_id=2683"]}]},{"@type":"BreadcrumbList","@id":"https:\/\/tanial.art\/?page_id=2683#breadcrumb","itemListElement":[{"@type":"ListItem","position":1,"name":"Accueil","item":"https:\/\/tanial.art\/"},{"@type":"ListItem","position":2,"name":"PROJET : LES MINIATURES"}]}]}},"_links":{"self":[{"href":"https:\/\/tanial.art\/index.php?rest_route=\/wp\/v2\/pages\/2683"}],"collection":[{"href":"https:\/\/tanial.art\/index.php?rest_route=\/wp\/v2\/pages"}],"about":[{"href":"https:\/\/tanial.art\/index.php?rest_route=\/wp\/v2\/types\/page"}],"author":[{"embeddable":true,"href":"https:\/\/tanial.art\/index.php?rest_route=\/wp\/v2\/users\/1"}],"replies":[{"embeddable":true,"href":"https:\/\/tanial.art\/index.php?rest_route=%2Fwp%2Fv2%2Fcomments&post=2683"}],"version-history":[{"count":4,"href":"https:\/\/tanial.art\/index.php?rest_route=\/wp\/v2\/pages\/2683\/revisions"}],"predecessor-version":[{"id":2698,"href":"https:\/\/tanial.art\/index.php?rest_route=\/wp\/v2\/pages\/2683\/revisions\/2698"}],"wp:attachment":[{"href":"https:\/\/tanial.art\/index.php?rest_route=%2Fwp%2Fv2%2Fmedia&parent=2683"}],"curies":[{"name":"wp","href":"https:\/\/api.w.org\/{rel}","templated":true}]}}