{"id":2537,"date":"2025-05-04T18:06:17","date_gmt":"2025-05-04T16:06:17","guid":{"rendered":"https:\/\/tanial.art\/?page_id=2537"},"modified":"2025-05-06T16:13:34","modified_gmt":"2025-05-06T14:13:34","slug":"projet-lucrece","status":"publish","type":"page","link":"https:\/\/tanial.art\/?page_id=2537","title":{"rendered":"PROJET : LUCR\u00c8CE"},"content":{"rendered":"\n<p class=\"has-black-color has-text-color\">La s\u00e9rie <em>Lucr\u00e8ce<\/em> interroge la violence invisible inscrinterrogez la violence invisible inscrite dans les plis de l&rsquo;histoire, dans les corps, dans les silences. \u00c0 travers un support volontairement <strong>courb\u00e9, d\u00e9chir\u00e9<\/strong> , l&rsquo;\u0153uvre ne se contente pas de repr\u00e9senter la souffrance : elle l&rsquo;incarne mat\u00e9riellement, la fait ressurgir en surface, comme une m\u00e9moire que rien ne peut compl\u00e8tement effacer.<\/p>\n\n\n\n<p class=\"has-black-color has-text-color\">Le sang, paradoxalement repr\u00e9sent\u00e9 en <strong>blanc<\/strong> et en <strong>volume<\/strong> , devient ici une \u00e9nigme : non pas le rouge du drame imm\u00e9diat, mais la trace fig\u00e9e d&rsquo;un acte irr\u00e9versible, la m\u00e9moire d&rsquo;un geste. Le blanc \u00e9voque aussi l&rsquo;effacement, la puret\u00e9 perdue ou arrach\u00e9e, et transforme la blessure en relique silencieuse.<\/p>\n\n\n\n<p class=\"has-black-color has-text-color\">Ce renversement chromatique d\u00e9stabilise le regardeur et l&rsquo;oblige \u00e0 reconsid\u00e9rer les codes traditionnels de la repr\u00e9sentation. Le sang blanc n&rsquo;est plus l&rsquo;indice d&rsquo;un choc, mais celui d&rsquo;un <strong>silence trop lourd<\/strong> , d&rsquo;une parole emp\u00each\u00e9e.<\/p>\n\n\n\n<p class=\"has-black-color has-text-color\">Dans <em>Lucr\u00e8ce<\/em> , chaque d\u00e9chirure du support est un cri contenu. Chaque courbe, une tension entre abandon et r\u00e9sistance. Le corps f\u00e9minin, r\u00e9duit \u00e0 une absence ou \u00e0 une trace, devient le th\u00e9\u00e2tre d&rsquo;un affrontement entre m\u00e9moire et oubli, entre violence subie et dignit\u00e9 affirm\u00e9e.<\/p>\n\n\n\n<div class=\"wp-block-dgwt-justified-gallery\">\n\t\t<style type=\"text\/css\">\n\t\t\t#gallery-1 {\n\t\t\t\tmargin: auto;\n\t\t\t}\n\t\t\t#gallery-1 .gallery-item {\n\t\t\t\tfloat: left;\n\t\t\t\tmargin-top: 10px;\n\t\t\t\ttext-align: center;\n\t\t\t\twidth: 33%;\n\t\t\t}\n\t\t\t#gallery-1 img {\n\t\t\t\tborder: 2px solid #cfcfcf;\n\t\t\t}\n\t\t\t#gallery-1 .gallery-caption {\n\t\t\t\tmargin-left: 0;\n\t\t\t}\n\t\t\t\/* see gallery_shortcode() in wp-includes\/media.php *\/\n\t\t<\/style>\n\t\t<div id='gallery-1' class='gallery galleryid-2537 gallery-columns-3 gallery-size-thumbnail'><dl class='gallery-item'>\n\t\t\t<dt class='gallery-icon landscape'>\n\t\t\t\t<a href='https:\/\/tanial.art\/?attachment_id=2549'><img width=\"150\" height=\"150\" src=\"https:\/\/tanial.art\/wp-content\/uploads\/2025\/05\/IMG_7516-150x150.jpg\" class=\"attachment-thumbnail size-thumbnail\" alt=\"\" loading=\"lazy\" \/><\/a>\n\t\t\t<\/dt><\/dl><dl class='gallery-item'>\n\t\t\t<dt class='gallery-icon portrait'>\n\t\t\t\t<a href='https:\/\/tanial.art\/?attachment_id=2550'><img width=\"150\" height=\"150\" src=\"https:\/\/tanial.art\/wp-content\/uploads\/2025\/05\/Lucretia-2_detail-02-150x150.jpg\" class=\"attachment-thumbnail size-thumbnail\" alt=\"\" loading=\"lazy\" \/><\/a>\n\t\t\t<\/dt><\/dl><dl class='gallery-item'>\n\t\t\t<dt class='gallery-icon portrait'>\n\t\t\t\t<a href='https:\/\/tanial.art\/?attachment_id=2551'><img width=\"150\" height=\"150\" src=\"https:\/\/tanial.art\/wp-content\/uploads\/2025\/05\/Lucretia-2_detail-01-150x150.jpg\" class=\"attachment-thumbnail size-thumbnail\" alt=\"\" loading=\"lazy\" \/><\/a>\n\t\t\t<\/dt><\/dl><br style=\"clear: both\" \/><dl class='gallery-item'>\n\t\t\t<dt class='gallery-icon portrait'>\n\t\t\t\t<a href='https:\/\/tanial.art\/?attachment_id=2552'><img width=\"150\" height=\"150\" src=\"https:\/\/tanial.art\/wp-content\/uploads\/2025\/05\/Lucretia-1_detail02-150x150.jpg\" class=\"attachment-thumbnail size-thumbnail\" alt=\"\" loading=\"lazy\" \/><\/a>\n\t\t\t<\/dt><\/dl><dl class='gallery-item'>\n\t\t\t<dt class='gallery-icon portrait'>\n\t\t\t\t<a href='https:\/\/tanial.art\/?attachment_id=2553'><img width=\"150\" height=\"150\" src=\"https:\/\/tanial.art\/wp-content\/uploads\/2025\/05\/Lucretia-1_detail01-150x150.jpg\" class=\"attachment-thumbnail size-thumbnail\" alt=\"\" loading=\"lazy\" \/><\/a>\n\t\t\t<\/dt><\/dl>\n\t\t\t<br style='clear: both' \/>\n\t\t<\/div>\n<\/div>\n","protected":false},"excerpt":{"rendered":"<p>La s\u00e9rie Lucr\u00e8ce interroge la violence invisible inscrinterrogez la violence invisible inscrite dans les plis de l&rsquo;histoire, dans les corps, dans les silences. \u00c0 travers un support volontairement courb\u00e9, d\u00e9chir\u00e9 , l&rsquo;\u0153uvre ne se contente pas de repr\u00e9senter la souffrance : elle l&rsquo;incarne mat\u00e9riellement, la fait ressurgir en surface, comme une m\u00e9moire que rien ne [&hellip;]<\/p>\n","protected":false},"author":1,"featured_media":0,"parent":0,"menu_order":0,"comment_status":"closed","ping_status":"closed","template":"","meta":[],"yoast_head":"<!-- This site is optimized with the Yoast SEO plugin v19.4 - https:\/\/yoast.com\/wordpress\/plugins\/seo\/ -->\n<title>PROJET : LUCR\u00c8CE -<\/title>\n<meta name=\"robots\" content=\"index, follow, max-snippet:-1, max-image-preview:large, max-video-preview:-1\" \/>\n<link rel=\"canonical\" href=\"https:\/\/tanial.art\/?page_id=2537\" \/>\n<meta property=\"og:locale\" content=\"fr_FR\" \/>\n<meta property=\"og:type\" content=\"article\" \/>\n<meta property=\"og:title\" content=\"PROJET : LUCR\u00c8CE -\" \/>\n<meta property=\"og:description\" content=\"La s\u00e9rie Lucr\u00e8ce interroge la violence invisible inscrinterrogez la violence invisible inscrite dans les plis de l&rsquo;histoire, dans les corps, dans les silences. \u00c0 travers un support volontairement courb\u00e9, d\u00e9chir\u00e9 , l&rsquo;\u0153uvre ne se contente pas de repr\u00e9senter la souffrance : elle l&rsquo;incarne mat\u00e9riellement, la fait ressurgir en surface, comme une m\u00e9moire que rien ne [&hellip;]\" \/>\n<meta property=\"og:url\" content=\"https:\/\/tanial.art\/?page_id=2537\" \/>\n<meta property=\"article:modified_time\" content=\"2025-05-06T14:13:34+00:00\" \/>\n<meta property=\"og:image\" content=\"https:\/\/tanial.art\/wp-content\/uploads\/2025\/05\/IMG_7516-300x205.jpg\" \/>\n<meta name=\"twitter:card\" content=\"summary_large_image\" \/>\n<meta name=\"twitter:label1\" content=\"Dur\u00e9e de lecture estim\u00e9e\" \/>\n\t<meta name=\"twitter:data1\" content=\"1 minute\" \/>\n<script type=\"application\/ld+json\" class=\"yoast-schema-graph\">{\"@context\":\"https:\/\/schema.org\",\"@graph\":[{\"@type\":\"WebSite\",\"@id\":\"https:\/\/tanial.art\/#website\",\"url\":\"https:\/\/tanial.art\/\",\"name\":\"\",\"description\":\"\",\"potentialAction\":[{\"@type\":\"SearchAction\",\"target\":{\"@type\":\"EntryPoint\",\"urlTemplate\":\"https:\/\/tanial.art\/?s={search_term_string}\"},\"query-input\":\"required name=search_term_string\"}],\"inLanguage\":\"fr-FR\"},{\"@type\":\"WebPage\",\"@id\":\"https:\/\/tanial.art\/?page_id=2537\",\"url\":\"https:\/\/tanial.art\/?page_id=2537\",\"name\":\"PROJET : LUCR\u00c8CE -\",\"isPartOf\":{\"@id\":\"https:\/\/tanial.art\/#website\"},\"datePublished\":\"2025-05-04T16:06:17+00:00\",\"dateModified\":\"2025-05-06T14:13:34+00:00\",\"breadcrumb\":{\"@id\":\"https:\/\/tanial.art\/?page_id=2537#breadcrumb\"},\"inLanguage\":\"fr-FR\",\"potentialAction\":[{\"@type\":\"ReadAction\",\"target\":[\"https:\/\/tanial.art\/?page_id=2537\"]}]},{\"@type\":\"BreadcrumbList\",\"@id\":\"https:\/\/tanial.art\/?page_id=2537#breadcrumb\",\"itemListElement\":[{\"@type\":\"ListItem\",\"position\":1,\"name\":\"Accueil\",\"item\":\"https:\/\/tanial.art\/\"},{\"@type\":\"ListItem\",\"position\":2,\"name\":\"PROJET : LUCR\u00c8CE\"}]}]}<\/script>\n<!-- \/ Yoast SEO plugin. -->","yoast_head_json":{"title":"PROJET : LUCR\u00c8CE -","robots":{"index":"index","follow":"follow","max-snippet":"max-snippet:-1","max-image-preview":"max-image-preview:large","max-video-preview":"max-video-preview:-1"},"canonical":"https:\/\/tanial.art\/?page_id=2537","og_locale":"fr_FR","og_type":"article","og_title":"PROJET : LUCR\u00c8CE -","og_description":"La s\u00e9rie Lucr\u00e8ce interroge la violence invisible inscrinterrogez la violence invisible inscrite dans les plis de l&rsquo;histoire, dans les corps, dans les silences. \u00c0 travers un support volontairement courb\u00e9, d\u00e9chir\u00e9 , l&rsquo;\u0153uvre ne se contente pas de repr\u00e9senter la souffrance : elle l&rsquo;incarne mat\u00e9riellement, la fait ressurgir en surface, comme une m\u00e9moire que rien ne [&hellip;]","og_url":"https:\/\/tanial.art\/?page_id=2537","article_modified_time":"2025-05-06T14:13:34+00:00","og_image":[{"url":"https:\/\/tanial.art\/wp-content\/uploads\/2025\/05\/IMG_7516-300x205.jpg"}],"twitter_card":"summary_large_image","twitter_misc":{"Dur\u00e9e de lecture estim\u00e9e":"1 minute"},"schema":{"@context":"https:\/\/schema.org","@graph":[{"@type":"WebSite","@id":"https:\/\/tanial.art\/#website","url":"https:\/\/tanial.art\/","name":"","description":"","potentialAction":[{"@type":"SearchAction","target":{"@type":"EntryPoint","urlTemplate":"https:\/\/tanial.art\/?s={search_term_string}"},"query-input":"required name=search_term_string"}],"inLanguage":"fr-FR"},{"@type":"WebPage","@id":"https:\/\/tanial.art\/?page_id=2537","url":"https:\/\/tanial.art\/?page_id=2537","name":"PROJET : LUCR\u00c8CE -","isPartOf":{"@id":"https:\/\/tanial.art\/#website"},"datePublished":"2025-05-04T16:06:17+00:00","dateModified":"2025-05-06T14:13:34+00:00","breadcrumb":{"@id":"https:\/\/tanial.art\/?page_id=2537#breadcrumb"},"inLanguage":"fr-FR","potentialAction":[{"@type":"ReadAction","target":["https:\/\/tanial.art\/?page_id=2537"]}]},{"@type":"BreadcrumbList","@id":"https:\/\/tanial.art\/?page_id=2537#breadcrumb","itemListElement":[{"@type":"ListItem","position":1,"name":"Accueil","item":"https:\/\/tanial.art\/"},{"@type":"ListItem","position":2,"name":"PROJET : LUCR\u00c8CE"}]}]}},"_links":{"self":[{"href":"https:\/\/tanial.art\/index.php?rest_route=\/wp\/v2\/pages\/2537"}],"collection":[{"href":"https:\/\/tanial.art\/index.php?rest_route=\/wp\/v2\/pages"}],"about":[{"href":"https:\/\/tanial.art\/index.php?rest_route=\/wp\/v2\/types\/page"}],"author":[{"embeddable":true,"href":"https:\/\/tanial.art\/index.php?rest_route=\/wp\/v2\/users\/1"}],"replies":[{"embeddable":true,"href":"https:\/\/tanial.art\/index.php?rest_route=%2Fwp%2Fv2%2Fcomments&post=2537"}],"version-history":[{"count":6,"href":"https:\/\/tanial.art\/index.php?rest_route=\/wp\/v2\/pages\/2537\/revisions"}],"predecessor-version":[{"id":2636,"href":"https:\/\/tanial.art\/index.php?rest_route=\/wp\/v2\/pages\/2537\/revisions\/2636"}],"wp:attachment":[{"href":"https:\/\/tanial.art\/index.php?rest_route=%2Fwp%2Fv2%2Fmedia&parent=2537"}],"curies":[{"name":"wp","href":"https:\/\/api.w.org\/{rel}","templated":true}]}}