{"id":2439,"date":"2025-04-30T17:57:43","date_gmt":"2025-04-30T15:57:43","guid":{"rendered":"https:\/\/tanial.art\/?page_id=2439"},"modified":"2025-05-07T10:18:13","modified_gmt":"2025-05-07T08:18:13","slug":"projet-une-vie-passee","status":"publish","type":"page","link":"https:\/\/tanial.art\/?page_id=2439","title":{"rendered":"PROJET : UNE VIE PASS\u00c9E"},"content":{"rendered":"\n<p class=\"has-black-color has-text-color\">Ce projet explore la trace persistante des existences humaines \u00e0 travers une r\u00e9flexion plastique sur le passage du temps. Intitul\u00e9e <em>Les vies pass\u00e9es<\/em> , la s\u00e9rie interroge la mani\u00e8re dont la m\u00e9moire, la mati\u00e8re et les formes conservent \u2014 parfois \u00e0 leur insu \u2014 les empreintes de ce qui fut.<\/p>\n\n\n\n<p class=\"has-black-color has-text-color\">Chaque panneau devient une s\u00e9quence fig\u00e9e dans une trajectoire invisible, un fragment d&rsquo;un cycle plus vaste o\u00f9 se croisent permanence et m\u00e9tamorphose. Les couches de mati\u00e8re, les textures alt\u00e9r\u00e9es ou pr\u00e9serv\u00e9es, traduisent cette tension entre disparition et survivance.<\/p>\n\n\n\n<p class=\"has-black-color has-text-color\">Loin d&rsquo;une narration lin\u00e9aire, ces \u0153uvres proposent une vision stratifi\u00e9e du temps, o\u00f9 chaque trace est \u00e0 la fois t\u00e9moin d&rsquo;un pass\u00e9 r\u00e9volu et potentiel germinatif d&rsquo;un futur \u00e0 venir. Il s&rsquo;agit de penser la condition humaine comme une travers\u00e9e, o\u00f9 chaque vie, m\u00eame oubli\u00e9e, participe \u00e0 la densit\u00e9 silencieuse de l&rsquo;\u00e9ternit\u00e9.<\/p>\n\n\n\n<div class=\"wp-block-dgwt-justified-gallery\">\n\t\t<style type=\"text\/css\">\n\t\t\t#gallery-1 {\n\t\t\t\tmargin: auto;\n\t\t\t}\n\t\t\t#gallery-1 .gallery-item {\n\t\t\t\tfloat: left;\n\t\t\t\tmargin-top: 10px;\n\t\t\t\ttext-align: center;\n\t\t\t\twidth: 33%;\n\t\t\t}\n\t\t\t#gallery-1 img {\n\t\t\t\tborder: 2px solid #cfcfcf;\n\t\t\t}\n\t\t\t#gallery-1 .gallery-caption {\n\t\t\t\tmargin-left: 0;\n\t\t\t}\n\t\t\t\/* see gallery_shortcode() in wp-includes\/media.php *\/\n\t\t<\/style>\n\t\t<div id='gallery-1' class='gallery galleryid-2439 gallery-columns-3 gallery-size-thumbnail'><dl class='gallery-item'>\n\t\t\t<dt class='gallery-icon landscape'>\n\t\t\t\t<a href='https:\/\/tanial.art\/?attachment_id=2376'><img width=\"150\" height=\"150\" src=\"https:\/\/tanial.art\/wp-content\/uploads\/2022\/10\/01_peintre-de-flemalle-150x150.jpg\" class=\"attachment-thumbnail size-thumbnail\" alt=\"\" loading=\"lazy\" \/><\/a>\n\t\t\t<\/dt><\/dl><dl class='gallery-item'>\n\t\t\t<dt class='gallery-icon landscape'>\n\t\t\t\t<a href='https:\/\/tanial.art\/?attachment_id=2375'><img width=\"150\" height=\"150\" src=\"https:\/\/tanial.art\/wp-content\/uploads\/2022\/10\/02_peintre-de-flemalle-150x150.jpg\" class=\"attachment-thumbnail size-thumbnail\" alt=\"\" loading=\"lazy\" \/><\/a>\n\t\t\t<\/dt><\/dl><dl class='gallery-item'>\n\t\t\t<dt class='gallery-icon landscape'>\n\t\t\t\t<a href='https:\/\/tanial.art\/?attachment_id=2374'><img width=\"150\" height=\"150\" src=\"https:\/\/tanial.art\/wp-content\/uploads\/2022\/10\/03_peintre-de-flemalle-150x150.jpg\" class=\"attachment-thumbnail size-thumbnail\" alt=\"\" loading=\"lazy\" \/><\/a>\n\t\t\t<\/dt><\/dl><br style=\"clear: both\" \/>\n\t\t<\/div>\n<\/div>\n\n\n\n<p class=\"has-black-color has-text-color\">Peinture \u00e0 l&rsquo;huile sur un support de ma cr\u00e9ation, 2023<\/p>\n\n\n\n<figure class=\"wp-block-image size-full is-resized\"><img loading=\"lazy\" src=\"https:\/\/tanial.art\/wp-content\/uploads\/2021\/09\/blanc-1.jpg\" alt=\"\" class=\"wp-image-2108\" width=\"57\" height=\"125\"\/><\/figure>\n\n\n\n<div class=\"wp-block-dgwt-justified-gallery\">\n\t\t<style type=\"text\/css\">\n\t\t\t#gallery-2 {\n\t\t\t\tmargin: auto;\n\t\t\t}\n\t\t\t#gallery-2 .gallery-item {\n\t\t\t\tfloat: left;\n\t\t\t\tmargin-top: 10px;\n\t\t\t\ttext-align: center;\n\t\t\t\twidth: 33%;\n\t\t\t}\n\t\t\t#gallery-2 img {\n\t\t\t\tborder: 2px solid #cfcfcf;\n\t\t\t}\n\t\t\t#gallery-2 .gallery-caption {\n\t\t\t\tmargin-left: 0;\n\t\t\t}\n\t\t\t\/* see gallery_shortcode() in wp-includes\/media.php *\/\n\t\t<\/style>\n\t\t<div id='gallery-2' class='gallery galleryid-2439 gallery-columns-3 gallery-size-thumbnail'><dl class='gallery-item'>\n\t\t\t<dt class='gallery-icon landscape'>\n\t\t\t\t<a href='https:\/\/tanial.art\/?attachment_id=2452'><img width=\"150\" height=\"150\" src=\"https:\/\/tanial.art\/wp-content\/uploads\/2025\/04\/IMG_4983-150x150.jpg\" class=\"attachment-thumbnail size-thumbnail\" alt=\"\" loading=\"lazy\" \/><\/a>\n\t\t\t<\/dt><\/dl><dl class='gallery-item'>\n\t\t\t<dt class='gallery-icon landscape'>\n\t\t\t\t<a href='https:\/\/tanial.art\/?attachment_id=2482'><img width=\"150\" height=\"150\" src=\"https:\/\/tanial.art\/wp-content\/uploads\/2025\/04\/jaunay-Marigny-150x150.png\" class=\"attachment-thumbnail size-thumbnail\" alt=\"\" loading=\"lazy\" \/><\/a>\n\t\t\t<\/dt><\/dl><dl class='gallery-item'>\n\t\t\t<dt class='gallery-icon landscape'>\n\t\t\t\t<a href='https:\/\/tanial.art\/?attachment_id=2481'><img width=\"150\" height=\"150\" src=\"https:\/\/tanial.art\/wp-content\/uploads\/2025\/04\/jaunay-Marigny01-150x150.png\" class=\"attachment-thumbnail size-thumbnail\" alt=\"tania Luchinkina\" loading=\"lazy\" \/><\/a>\n\t\t\t<\/dt><\/dl><br style=\"clear: both\" \/>\n\t\t<\/div>\n<\/div>\n\n\n\n<p class=\"has-black-color has-text-color\">Peinture \u00e0 l&rsquo;huile sur un support de ma cr\u00e9ation, 2023<\/p>\n\n\n\n<figure class=\"wp-block-image size-full is-resized\"><img loading=\"lazy\" src=\"https:\/\/tanial.art\/wp-content\/uploads\/2021\/09\/blanc-1.jpg\" alt=\"\" class=\"wp-image-2108\" width=\"57\" height=\"125\"\/><\/figure>\n\n\n\n<div class=\"wp-block-dgwt-justified-gallery\">\n\t\t<style type=\"text\/css\">\n\t\t\t#gallery-3 {\n\t\t\t\tmargin: auto;\n\t\t\t}\n\t\t\t#gallery-3 .gallery-item {\n\t\t\t\tfloat: left;\n\t\t\t\tmargin-top: 10px;\n\t\t\t\ttext-align: center;\n\t\t\t\twidth: 33%;\n\t\t\t}\n\t\t\t#gallery-3 img {\n\t\t\t\tborder: 2px solid #cfcfcf;\n\t\t\t}\n\t\t\t#gallery-3 .gallery-caption {\n\t\t\t\tmargin-left: 0;\n\t\t\t}\n\t\t\t\/* see gallery_shortcode() in wp-includes\/media.php *\/\n\t\t<\/style>\n\t\t<div id='gallery-3' class='gallery galleryid-2439 gallery-columns-3 gallery-size-thumbnail'><dl class='gallery-item'>\n\t\t\t<dt class='gallery-icon landscape'>\n\t\t\t\t<a href='https:\/\/tanial.art\/?attachment_id=2668'><img width=\"150\" height=\"150\" src=\"https:\/\/tanial.art\/wp-content\/uploads\/2025\/05\/vie-prive-de-mona-lisa_p-150x150.jpg\" class=\"attachment-thumbnail size-thumbnail\" alt=\"\" loading=\"lazy\" \/><\/a>\n\t\t\t<\/dt><\/dl><dl class='gallery-item'>\n\t\t\t<dt class='gallery-icon landscape'>\n\t\t\t\t<a href='https:\/\/tanial.art\/?attachment_id=2289'><img width=\"150\" height=\"150\" src=\"https:\/\/tanial.art\/wp-content\/uploads\/2021\/11\/expo_interieur-1-150x150.jpg\" class=\"attachment-thumbnail size-thumbnail\" alt=\"artiste Tania Luchinkina, TaniaL\" loading=\"lazy\" \/><\/a>\n\t\t\t<\/dt><\/dl>\n\t\t\t<br style='clear: both' \/>\n\t\t<\/div>\n<\/div>\n\n\n\n<p class=\"has-black-color has-text-color\">Sculpture\/ peinture \u00e0 l&rsquo;huile sur un support de ma cr\u00e9ation, 2023<\/p>\n\n\n\n<figure class=\"wp-block-image size-full is-resized\"><img loading=\"lazy\" src=\"https:\/\/tanial.art\/wp-content\/uploads\/2021\/09\/blanc-1.jpg\" alt=\"\" class=\"wp-image-2108\" width=\"57\" height=\"125\"\/><\/figure>\n\n\n\n<div class=\"wp-block-dgwt-justified-gallery\">\n\t\t<style type=\"text\/css\">\n\t\t\t#gallery-4 {\n\t\t\t\tmargin: auto;\n\t\t\t}\n\t\t\t#gallery-4 .gallery-item {\n\t\t\t\tfloat: left;\n\t\t\t\tmargin-top: 10px;\n\t\t\t\ttext-align: center;\n\t\t\t\twidth: 33%;\n\t\t\t}\n\t\t\t#gallery-4 img {\n\t\t\t\tborder: 2px solid #cfcfcf;\n\t\t\t}\n\t\t\t#gallery-4 .gallery-caption {\n\t\t\t\tmargin-left: 0;\n\t\t\t}\n\t\t\t\/* see gallery_shortcode() in wp-includes\/media.php *\/\n\t\t<\/style>\n\t\t<div id='gallery-4' class='gallery galleryid-2439 gallery-columns-3 gallery-size-thumbnail'><dl class='gallery-item'>\n\t\t\t<dt class='gallery-icon landscape'>\n\t\t\t\t<a href='https:\/\/tanial.art\/?attachment_id=1563'><img width=\"150\" height=\"150\" src=\"https:\/\/tanial.art\/wp-content\/uploads\/2020\/11\/IMG_7375-3-150x150.jpg\" class=\"attachment-thumbnail size-thumbnail\" alt=\"artiste Tania Luchinkina, TaniaL\" loading=\"lazy\" \/><\/a>\n\t\t\t<\/dt><\/dl><dl class='gallery-item'>\n\t\t\t<dt class='gallery-icon portrait'>\n\t\t\t\t<a href='https:\/\/tanial.art\/?attachment_id=2311'><img width=\"150\" height=\"150\" src=\"https:\/\/tanial.art\/wp-content\/uploads\/2022\/02\/parasels1-150x150.jpg\" class=\"attachment-thumbnail size-thumbnail\" alt=\"\" loading=\"lazy\" \/><\/a>\n\t\t\t<\/dt><\/dl><dl class='gallery-item'>\n\t\t\t<dt class='gallery-icon portrait'>\n\t\t\t\t<a href='https:\/\/tanial.art\/?attachment_id=1489'><img width=\"150\" height=\"150\" src=\"https:\/\/tanial.art\/wp-content\/uploads\/2020\/11\/paraselsus1-150x150.jpg\" class=\"attachment-thumbnail size-thumbnail\" alt=\"artist Tania Luchinkina, TaniaL\" loading=\"lazy\" aria-describedby=\"gallery-4-1489\" \/><\/a>\n\t\t\t<\/dt>\n\t\t\t\t<dd class='wp-caption-text gallery-caption' id='gallery-4-1489'>\n\t\t\t\t artist Tania Luchinkina, TaniaL\n\t\t\t\t<\/dd><\/dl><br style=\"clear: both\" \/><dl class='gallery-item'>\n\t\t\t<dt class='gallery-icon portrait'>\n\t\t\t\t<a href='https:\/\/tanial.art\/?attachment_id=1521'><img width=\"150\" height=\"150\" src=\"https:\/\/tanial.art\/wp-content\/uploads\/2020\/11\/homme-au-turban-rouge-\u00e0-lage-de-40-ans-2-150x150.jpg\" class=\"attachment-thumbnail size-thumbnail\" alt=\"Tania Luchinkina Homme au turban rouge \u00e0 l&#039;age de 40 ans\" loading=\"lazy\" \/><\/a>\n\t\t\t<\/dt><\/dl><dl class='gallery-item'>\n\t\t\t<dt class='gallery-icon portrait'>\n\t\t\t\t<a href='https:\/\/tanial.art\/?attachment_id=1609'><img width=\"150\" height=\"150\" src=\"https:\/\/tanial.art\/wp-content\/uploads\/2020\/11\/homme-au-turban-rouge-\u00e0-lage-de-40-ans_detail-2-150x150.jpg\" class=\"attachment-thumbnail size-thumbnail\" alt=\"Tania Luchinkina Homme au turban rouge \u00e0 l&#039;age de 40 ans, detail\" loading=\"lazy\" \/><\/a>\n\t\t\t<\/dt><\/dl><dl class='gallery-item'>\n\t\t\t<dt class='gallery-icon portrait'>\n\t\t\t\t<a href='https:\/\/tanial.art\/?attachment_id=2163'><img width=\"150\" height=\"150\" src=\"https:\/\/tanial.art\/wp-content\/uploads\/2021\/09\/artist_Tania_Luchinkina1-150x150.jpg\" class=\"attachment-thumbnail size-thumbnail\" alt=\"artiste Tania Luchinkina (TaniaL)\" loading=\"lazy\" \/><\/a>\n\t\t\t<\/dt><\/dl><br style=\"clear: both\" \/><dl class='gallery-item'>\n\t\t\t<dt class='gallery-icon portrait'>\n\t\t\t\t<a href='https:\/\/tanial.art\/?attachment_id=1488'><img width=\"150\" height=\"150\" src=\"https:\/\/tanial.art\/wp-content\/uploads\/2020\/11\/paraselsus_detail-150x150.jpg\" class=\"attachment-thumbnail size-thumbnail\" alt=\"artist Tania Luchinkina, TaniaL\" loading=\"lazy\" \/><\/a>\n\t\t\t<\/dt><\/dl><dl class='gallery-item'>\n\t\t\t<dt class='gallery-icon portrait'>\n\t\t\t\t<a href='https:\/\/tanial.art\/?attachment_id=1491'><img width=\"150\" height=\"150\" src=\"https:\/\/tanial.art\/wp-content\/uploads\/2020\/11\/portrait-de-dame-\u00e0-lage-de-20-ans_fragment-150x150.jpg\" class=\"attachment-thumbnail size-thumbnail\" alt=\"artist Tania Luchinkina, TaniaL\" loading=\"lazy\" \/><\/a>\n\t\t\t<\/dt><\/dl>\n\t\t\t<br style='clear: both' \/>\n\t\t<\/div>\n<\/div>\n\n\n\n<p class=\"has-black-color has-text-color\">Sculpture\/ peinture \u00e0 l&rsquo;huile sur un support de ma cr\u00e9ation, 2023<\/p>\n\n\n\n<figure class=\"wp-block-image size-full is-resized\"><img loading=\"lazy\" src=\"https:\/\/tanial.art\/wp-content\/uploads\/2021\/09\/blanc-1.jpg\" alt=\"\" class=\"wp-image-2108\" width=\"57\" height=\"125\"\/><\/figure>\n\n\n\n<div class=\"wp-block-dgwt-justified-gallery\">\n\t\t<style type=\"text\/css\">\n\t\t\t#gallery-5 {\n\t\t\t\tmargin: auto;\n\t\t\t}\n\t\t\t#gallery-5 .gallery-item {\n\t\t\t\tfloat: left;\n\t\t\t\tmargin-top: 10px;\n\t\t\t\ttext-align: center;\n\t\t\t\twidth: 33%;\n\t\t\t}\n\t\t\t#gallery-5 img {\n\t\t\t\tborder: 2px solid #cfcfcf;\n\t\t\t}\n\t\t\t#gallery-5 .gallery-caption {\n\t\t\t\tmargin-left: 0;\n\t\t\t}\n\t\t\t\/* see gallery_shortcode() in wp-includes\/media.php *\/\n\t\t<\/style>\n\t\t<div id='gallery-5' class='gallery galleryid-2439 gallery-columns-3 gallery-size-thumbnail'><dl class='gallery-item'>\n\t\t\t<dt class='gallery-icon landscape'>\n\t\t\t\t<a href='https:\/\/tanial.art\/?attachment_id=2208'><img width=\"150\" height=\"150\" src=\"https:\/\/tanial.art\/wp-content\/uploads\/2021\/11\/ensemble_-150x150.jpg\" class=\"attachment-thumbnail size-thumbnail\" alt=\"artiste Tania Luchinkina (TaniaL)\" loading=\"lazy\" \/><\/a>\n\t\t\t<\/dt><\/dl><dl class='gallery-item'>\n\t\t\t<dt class='gallery-icon portrait'>\n\t\t\t\t<a href='https:\/\/tanial.art\/?attachment_id=2321'><img width=\"150\" height=\"150\" src=\"https:\/\/tanial.art\/wp-content\/uploads\/2022\/05\/maitre-de-Francfort-150x150.jpg\" class=\"attachment-thumbnail size-thumbnail\" alt=\"\" loading=\"lazy\" \/><\/a>\n\t\t\t<\/dt><\/dl><dl class='gallery-item'>\n\t\t\t<dt class='gallery-icon portrait'>\n\t\t\t\t<a href='https:\/\/tanial.art\/?attachment_id=2146'><img width=\"150\" height=\"150\" src=\"https:\/\/tanial.art\/wp-content\/uploads\/2021\/09\/maitre-de-Francfort03-2-150x150.jpg\" class=\"attachment-thumbnail size-thumbnail\" alt=\"artiste Tania Luchinkina (TaniaL)\" loading=\"lazy\" \/><\/a>\n\t\t\t<\/dt><\/dl><br style=\"clear: both\" \/><dl class='gallery-item'>\n\t\t\t<dt class='gallery-icon portrait'>\n\t\t\t\t<a href='https:\/\/tanial.art\/?attachment_id=2144'><img width=\"150\" height=\"150\" src=\"https:\/\/tanial.art\/wp-content\/uploads\/2021\/09\/maitre-de-Francfort02-150x150.jpg\" class=\"attachment-thumbnail size-thumbnail\" alt=\"artiste Tania Luchinkina (TaniaL)\" loading=\"lazy\" \/><\/a>\n\t\t\t<\/dt><\/dl><dl class='gallery-item'>\n\t\t\t<dt class='gallery-icon portrait'>\n\t\t\t\t<a href='https:\/\/tanial.art\/?attachment_id=1673'><img width=\"150\" height=\"150\" src=\"https:\/\/tanial.art\/wp-content\/uploads\/2021\/04\/00IMG_7798-2-150x150.jpg\" class=\"attachment-thumbnail size-thumbnail\" alt=\"Studio of Tania Luchinkina (TaniaL)\" loading=\"lazy\" \/><\/a>\n\t\t\t<\/dt><\/dl><dl class='gallery-item'>\n\t\t\t<dt class='gallery-icon portrait'>\n\t\t\t\t<a href='https:\/\/tanial.art\/?attachment_id=1672'><img width=\"150\" height=\"150\" src=\"https:\/\/tanial.art\/wp-content\/uploads\/2021\/04\/00IMG_7797-2-150x150.jpg\" class=\"attachment-thumbnail size-thumbnail\" alt=\"Studio of Tania Luchinkina (TaniaL)\" loading=\"lazy\" \/><\/a>\n\t\t\t<\/dt><\/dl><br style=\"clear: both\" \/><dl class='gallery-item'>\n\t\t\t<dt class='gallery-icon landscape'>\n\t\t\t\t<a href='https:\/\/tanial.art\/?attachment_id=2482'><img width=\"150\" height=\"150\" src=\"https:\/\/tanial.art\/wp-content\/uploads\/2025\/04\/jaunay-Marigny-150x150.png\" class=\"attachment-thumbnail size-thumbnail\" alt=\"\" loading=\"lazy\" \/><\/a>\n\t\t\t<\/dt><\/dl>\n\t\t\t<br style='clear: both' \/>\n\t\t<\/div>\n<\/div>\n\n\n\n<p class=\"has-black-color has-text-color\">Sculpture\/ peinture \u00e0 l&rsquo;huile sur un support de ma cr\u00e9ation, 2023<\/p>\n\n\n\n<figure class=\"wp-block-image size-full is-resized\"><img loading=\"lazy\" src=\"https:\/\/tanial.art\/wp-content\/uploads\/2021\/09\/blanc-1.jpg\" alt=\"\" class=\"wp-image-2108\" width=\"57\" height=\"125\"\/><\/figure>\n","protected":false},"excerpt":{"rendered":"<p>Ce projet explore la trace persistante des existences humaines \u00e0 travers une r\u00e9flexion plastique sur le passage du temps. Intitul\u00e9e Les vies pass\u00e9es , la s\u00e9rie interroge la mani\u00e8re dont la m\u00e9moire, la mati\u00e8re et les formes conservent \u2014 parfois \u00e0 leur insu \u2014 les empreintes de ce qui fut. Chaque panneau devient une s\u00e9quence [&hellip;]<\/p>\n","protected":false},"author":1,"featured_media":0,"parent":0,"menu_order":0,"comment_status":"closed","ping_status":"closed","template":"","meta":[],"yoast_head":"<!-- This site is optimized with the Yoast SEO plugin v19.4 - https:\/\/yoast.com\/wordpress\/plugins\/seo\/ -->\n<title>PROJET : UNE VIE PASS\u00c9E -<\/title>\n<meta name=\"robots\" content=\"index, follow, max-snippet:-1, max-image-preview:large, max-video-preview:-1\" \/>\n<link rel=\"canonical\" href=\"https:\/\/tanial.art\/?page_id=2439\" \/>\n<meta property=\"og:locale\" content=\"fr_FR\" \/>\n<meta property=\"og:type\" content=\"article\" \/>\n<meta property=\"og:title\" content=\"PROJET : UNE VIE PASS\u00c9E -\" \/>\n<meta property=\"og:description\" content=\"Ce projet explore la trace persistante des existences humaines \u00e0 travers une r\u00e9flexion plastique sur le passage du temps. Intitul\u00e9e Les vies pass\u00e9es , la s\u00e9rie interroge la mani\u00e8re dont la m\u00e9moire, la mati\u00e8re et les formes conservent \u2014 parfois \u00e0 leur insu \u2014 les empreintes de ce qui fut. Chaque panneau devient une s\u00e9quence [&hellip;]\" \/>\n<meta property=\"og:url\" content=\"https:\/\/tanial.art\/?page_id=2439\" \/>\n<meta property=\"article:modified_time\" content=\"2025-05-07T08:18:13+00:00\" \/>\n<meta property=\"og:image\" content=\"https:\/\/tanial.art\/wp-content\/uploads\/2022\/10\/01_peintre-de-flemalle-300x138.jpg\" \/>\n<meta name=\"twitter:card\" content=\"summary_large_image\" \/>\n<meta name=\"twitter:label1\" content=\"Dur\u00e9e de lecture estim\u00e9e\" \/>\n\t<meta name=\"twitter:data1\" content=\"3 minutes\" \/>\n<script type=\"application\/ld+json\" class=\"yoast-schema-graph\">{\"@context\":\"https:\/\/schema.org\",\"@graph\":[{\"@type\":\"WebSite\",\"@id\":\"https:\/\/tanial.art\/#website\",\"url\":\"https:\/\/tanial.art\/\",\"name\":\"\",\"description\":\"\",\"potentialAction\":[{\"@type\":\"SearchAction\",\"target\":{\"@type\":\"EntryPoint\",\"urlTemplate\":\"https:\/\/tanial.art\/?s={search_term_string}\"},\"query-input\":\"required name=search_term_string\"}],\"inLanguage\":\"fr-FR\"},{\"@type\":\"WebPage\",\"@id\":\"https:\/\/tanial.art\/?page_id=2439\",\"url\":\"https:\/\/tanial.art\/?page_id=2439\",\"name\":\"PROJET : UNE VIE PASS\u00c9E -\",\"isPartOf\":{\"@id\":\"https:\/\/tanial.art\/#website\"},\"datePublished\":\"2025-04-30T15:57:43+00:00\",\"dateModified\":\"2025-05-07T08:18:13+00:00\",\"breadcrumb\":{\"@id\":\"https:\/\/tanial.art\/?page_id=2439#breadcrumb\"},\"inLanguage\":\"fr-FR\",\"potentialAction\":[{\"@type\":\"ReadAction\",\"target\":[\"https:\/\/tanial.art\/?page_id=2439\"]}]},{\"@type\":\"BreadcrumbList\",\"@id\":\"https:\/\/tanial.art\/?page_id=2439#breadcrumb\",\"itemListElement\":[{\"@type\":\"ListItem\",\"position\":1,\"name\":\"Accueil\",\"item\":\"https:\/\/tanial.art\/\"},{\"@type\":\"ListItem\",\"position\":2,\"name\":\"PROJET : UNE VIE PASS\u00c9E\"}]}]}<\/script>\n<!-- \/ Yoast SEO plugin. -->","yoast_head_json":{"title":"PROJET : UNE VIE PASS\u00c9E -","robots":{"index":"index","follow":"follow","max-snippet":"max-snippet:-1","max-image-preview":"max-image-preview:large","max-video-preview":"max-video-preview:-1"},"canonical":"https:\/\/tanial.art\/?page_id=2439","og_locale":"fr_FR","og_type":"article","og_title":"PROJET : UNE VIE PASS\u00c9E -","og_description":"Ce projet explore la trace persistante des existences humaines \u00e0 travers une r\u00e9flexion plastique sur le passage du temps. Intitul\u00e9e Les vies pass\u00e9es , la s\u00e9rie interroge la mani\u00e8re dont la m\u00e9moire, la mati\u00e8re et les formes conservent \u2014 parfois \u00e0 leur insu \u2014 les empreintes de ce qui fut. Chaque panneau devient une s\u00e9quence [&hellip;]","og_url":"https:\/\/tanial.art\/?page_id=2439","article_modified_time":"2025-05-07T08:18:13+00:00","og_image":[{"url":"https:\/\/tanial.art\/wp-content\/uploads\/2022\/10\/01_peintre-de-flemalle-300x138.jpg"}],"twitter_card":"summary_large_image","twitter_misc":{"Dur\u00e9e de lecture estim\u00e9e":"3 minutes"},"schema":{"@context":"https:\/\/schema.org","@graph":[{"@type":"WebSite","@id":"https:\/\/tanial.art\/#website","url":"https:\/\/tanial.art\/","name":"","description":"","potentialAction":[{"@type":"SearchAction","target":{"@type":"EntryPoint","urlTemplate":"https:\/\/tanial.art\/?s={search_term_string}"},"query-input":"required name=search_term_string"}],"inLanguage":"fr-FR"},{"@type":"WebPage","@id":"https:\/\/tanial.art\/?page_id=2439","url":"https:\/\/tanial.art\/?page_id=2439","name":"PROJET : UNE VIE PASS\u00c9E -","isPartOf":{"@id":"https:\/\/tanial.art\/#website"},"datePublished":"2025-04-30T15:57:43+00:00","dateModified":"2025-05-07T08:18:13+00:00","breadcrumb":{"@id":"https:\/\/tanial.art\/?page_id=2439#breadcrumb"},"inLanguage":"fr-FR","potentialAction":[{"@type":"ReadAction","target":["https:\/\/tanial.art\/?page_id=2439"]}]},{"@type":"BreadcrumbList","@id":"https:\/\/tanial.art\/?page_id=2439#breadcrumb","itemListElement":[{"@type":"ListItem","position":1,"name":"Accueil","item":"https:\/\/tanial.art\/"},{"@type":"ListItem","position":2,"name":"PROJET : UNE VIE PASS\u00c9E"}]}]}},"_links":{"self":[{"href":"https:\/\/tanial.art\/index.php?rest_route=\/wp\/v2\/pages\/2439"}],"collection":[{"href":"https:\/\/tanial.art\/index.php?rest_route=\/wp\/v2\/pages"}],"about":[{"href":"https:\/\/tanial.art\/index.php?rest_route=\/wp\/v2\/types\/page"}],"author":[{"embeddable":true,"href":"https:\/\/tanial.art\/index.php?rest_route=\/wp\/v2\/users\/1"}],"replies":[{"embeddable":true,"href":"https:\/\/tanial.art\/index.php?rest_route=%2Fwp%2Fv2%2Fcomments&post=2439"}],"version-history":[{"count":15,"href":"https:\/\/tanial.art\/index.php?rest_route=\/wp\/v2\/pages\/2439\/revisions"}],"predecessor-version":[{"id":2673,"href":"https:\/\/tanial.art\/index.php?rest_route=\/wp\/v2\/pages\/2439\/revisions\/2673"}],"wp:attachment":[{"href":"https:\/\/tanial.art\/index.php?rest_route=%2Fwp%2Fv2%2Fmedia&parent=2439"}],"curies":[{"name":"wp","href":"https:\/\/api.w.org\/{rel}","templated":true}]}}